{"id":668,"date":"2016-03-17T13:02:41","date_gmt":"2016-03-17T12:02:41","guid":{"rendered":"http:\/\/staging.ritmonio.flywheelsites.com\/it\/?page_id=668"},"modified":"2025-11-25T10:07:22","modified_gmt":"2025-11-25T09:07:22","slug":"legal-notes","status":"publish","type":"page","link":"https:\/\/www.ritmonio.it\/it\/note-legali\/","title":{"rendered":"Note Legali"},"content":{"rendered":"<p><\/p>\n<h1>Termini e condizioni d\u2019uso<\/h1>\n<p>Il presente sito \u00e8 regolato dai termini e dalle condizioni specificati di seguito. Detti termini e condizioni sono vincolanti per l\u2019utente, il quale \u00e8 tenuto a leggerli con la massima attenzione. Se non si intende accettarli, uscire dal sito.<br \/>\nVisitando il presente Sito, l\u2019utente accetta in modo incondizionato i seguenti termini e condizioni, compresa la politica sulla privacy (vedere sotto). <b>Rubinetterie Ritmonio Srl.<\/b> pu\u00f2 modificare, a propria discrezione, in qualsiasi momento e senza preavviso, detti termini e condizioni. L\u2019utente potrebbe pertanto ricevere inviti a visitare nuovamente questa pagina Web per controllare gli aggiornamenti.<br \/>\nQuesto Sito ha finalit\u00e0 di intrattenimento, promozionali e pubblicitarie ed \u00e8 destinato esclusivamente ad un uso privato, personale e non commerciale.<\/p>\n<h1>Marchi registrati e copyright<\/h1>\n<p>Nel presente Sito sono contenute informazioni, immagini, fotografie, marchi registrati, prodotti, pubblicit\u00e0, ecc. che sono di propriet\u00e0 esclusiva di <b>Rubinetterie Ritmonio Srl.<\/b> e che sono protetti da copyright.<br \/>\n\u00c8 pertanto vietato riprodurre, completamente o in parte (se non per uso privato, personale e non commerciale), pubblicare, trasmettere, modificare completamente o in parte, ovvero vendere il materiale contenuto nel presente Sito.<br \/>\nScaricare e\/o copiare il materiale di cui sopra non conferisce alcun diritto n\u00e9 rivendicazione di altro genere.<br \/>\nIn particolare, vi informiamo che il logo e la parola <b>&#8220;Rubinetterie Ritmonio Srl&#8221;<\/b>, sono di propriet\u00e0 esclusiva di <b>Rubinetterie Ritmonio Srl.<\/b> e che tutti i marchi e loghi, depositati o meno, visualizzati nel presente Sito sono di propriet\u00e0 esclusiva di <b>Rubinetterie Ritmonio Srl.<\/b> \u00c8 pertanto vietata la riproduzione, la distribuzione, la pubblicazione, la trasmissione, la modifica, completamente o in parte, la vendita o qualsiasi altro uso del suddetto materiale.<br \/>\nL\u2019elenco riportato sopra non \u00e8 ufficiale n\u00e9 definitivo e non comprende tutti i simboli, i disegni, i modelli, i marchi e i copyright di propriet\u00e0 di <b>Rubinetterie Ritmonio Srl.<\/b><\/p>\n<h1>Esclusione di garanzia<\/h1>\n<p>Si informa che il presente Sito potrebbe contenere errori o informazioni inesatte e pu\u00f2 essere modificato o aggiornato da <b>Rubinetterie Ritmonio Srl.<\/b>, a propria discrezione, in qualsiasi momento e senza preavviso.<br \/>\nSi ricorda inoltre che le informazioni circolanti in Internet non possono essere considerate sicure al 100% e che il presente Sito potrebbe non funzionare ovvero contenere virus o elementi pericolosi.<br \/>\nIl contenuto del presente Sito pu\u00f2 talvolta visualizzare immagini e scene con contenuto ironico e divertente il quale non intende in nessun caso offendere la sensibilit\u00e0 di alcuno. Se l\u2019utente non lo apprezzasse, \u00e8 invitato ad abbandonare il sito.<br \/>\nIl presente sito Web non \u00e8 destinato ai bambini n\u00e9 desidera raccogliere informazioni personali da parte di minorenni. Se l\u2019utente non ha ancora compiuto 18 anni, deve chiedere ai genitori il permesso all\u2019utilizzo del Sito senza inoltrare i propri dati.<\/p>\n<h1>Esclusione di responsabilit\u00e0<\/h1>\n<p><b>Rubinetterie Ritmonio Srl.<\/b>, i suoi dipendenti, dirigenti, responsabili e azionisti, non faranno rimostranze n\u00e9 garanzie di alcun genere, esplicite o implicite, in relazione al presente Sito o a informazioni, elementi, software e materiale in generale in esso contenuti, escludendo in modo esplicito qualsiasi responsabilit\u00e0 a ci\u00f2 correlata. Essi non possono nemmeno essere ritenuti responsabili di danni, di qualsiasi genere, diretti o indiretti, risultanti da o in relazione all\u2019uso del presente Sito o del materiale contenuto nel presente Sito.<br \/>\nA seguito dell\u2019uso delle informazioni o di elementi o materiali contenuti nel presente Sito, l\u2019utente si assume la piena responsabilit\u00e0 per tutte le possibili perdite, costi, spese e danni, diretti o indiretti, di qualsiasi tipo ed entit\u00e0, derivanti o collegati all\u2019utilizzo del presente Sito.<\/p>\n<h1>Link<\/h1>\n<p>Il presente Sito pu\u00f2 essere collegato ad altri siti Web (link) non sottoposti al controllo di <b>Rubinetterie Ritmonio Srl.<\/b> Le presenti note legali sono da considerarsi valide esclusivamente per il Sito <b>www.ritmonio.it<\/b><\/p>\n<p><b>Rubinetterie Ritmonio Srl.<\/b>, i suoi dipendenti, dirigenti, responsabili e azionisti, non possono essere ritenuti responsabili del contenuto o della sicurezza, ovvero di virus o altre conseguenze negative che scaturiscono da suddetti siti.<\/p>\n<h1>Materiale inviato aRubinetterie Ritmonio Srl.<\/h1>\n<p>Tutti i dati personali (nome, cognome, indirizzo e-mail, ecc.) forniti a <b>Rubinetterie Ritmonio Srl.<\/b> verranno elaborati in conformit\u00e0 alla politica della privacy. Tutte le informazioni, le idee, le immagini, le fotografie, i brani musicali e in generale il materiale inviato a <b>Rubinetterie Ritmonio Srl.<\/b> in relazione al presente Sito saranno considerati non confidenziali e destinati al libero uso da parte di <b>Rubinetterie Ritmonio Srl.<\/b>L\u2019invio di detto materiale comporta l\u2019assegnazione a Rubinetterie Ritmonio Srl. del diritto all\u2019utilizzo di dette informazioni, idee e materiali senza obblighi da parte di <b>Rubinetterie Ritmonio Srl.<\/b> di confermare la ricezione ovvero di fare riferimento o di pubblicizzare la loro presentazione e di pagare eventuali compensi. L\u2019utente garantisce che il materiale inviato a <b>Rubinetterie Ritmonio Srl.<\/b> non infrange diritti di terzi n\u00e9 leggi in vigore e di conservare la responsabilit\u00e0 del contenuto del materiale e di sollevare Rubinetterie Ritmonio Srl. dalle responsabilit\u00e0 legate a rivendicazioni, danni, perdite, costi e spese, comprese le spese legali e penali derivanti da o collegate al materiale presentato o spedito.<\/p>\n<h1>Cookie<\/h1>\n<p>I cookie possono essere usati da Rubinetterie Ritmonio Srl. per migliorare la navigazione all\u2019interno del Sito da parte dell\u2019utente e per fornire informazioni in merito all\u2019uso generale del sito. L\u2019uso di cookie non implica la raccolta di dati personali da parte di <b>Rubinetterie Ritmonio Srl.<\/b><\/p>\n<h1>Dispute e foro competente<\/h1>\n<p>Utilizzando il presente Sito, l\u2019utente accetta la giurisdizione delle leggi italiane e il fatto che tutte le dispute che dovessero presentarsi in relazione all\u2019uso del presente Sito verranno risolte esclusivamente dal Tribunale competente di Milano, Italia.<\/p>\n<h1><strong>Informativa per il trattamento dei dati personali ex art. 13 del Reg. 679\/2016\/UE<\/strong><\/h1>\n<p>Rubinetterie Ritmonio Srl manifesta il proprio impegno e la propria attenzione al trattamento dei dati personali degli utenti del sito web www.ritmonio.it  (di seguito, il \u201cSito\u201d), attraverso l\u2019adozione di una politica di riservatezza dei dati personali conforme al Regolamento UE n. 2016\/679 (di seguito GDPR), relativo alla protezione delle persone fisiche con riguardo al trattamento dei dati personali.<br \/>\nDi seguito si descrivono le modalit\u00e0 di trattamento dei dati personali degli utenti che consultano il Sito, attraverso questa apposita informativa che viene resa, ai sensi dell&#8217;art. 13 del Regolamento UE n. 2016\/679 (c.d. \u201cGDPR\u201d), a tutti coloro che interagiscono con i servizi web resi da Rubinetterie Ritmonio Srl, accessibili via internet a partire dall\u2019indirizzo: www.ritmonio.it corrispondente alla home page ufficiale del Sito.<br \/>\nL\u2019informativa \u00e8 resa solo per il Sito di Rubinetterie Ritmonio Srl e non anche per altri siti web eventualmente consultati dall\u2019utente tramite link accessibili dal sito.<br \/>\nL\u2019informativa pu\u00f2 subire modifiche a causa dell\u2019introduzione di nuove norme al riguardo. Si invita pertanto l\u2019utente a controllare periodicamente la presente pagina.<\/p>\n<h1><strong>TIPOLOGIA DI DATI TRATTATI E FINALIT\u00c0 DEL TRATTAMENTO<\/strong><\/h1>\n<h2>Dati di navigazione<\/H2><\/p>\n<p>I sistemi informatici e le procedure software preposte al funzionamento di questo sito web acquisiscono, nel corso del loro normale esercizio, alcuni dati personali la cui trasmissione \u00e8 implicita nell\u2019uso dei protocolli di comunicazione di Internet. Si tratta di informazioni che non sono raccolte per essere associate a interessati identificati, ma che per loro stessa natura potrebbero, attraverso elaborazioni ed associazioni con dati detenuti da terzi, permettere di identificare gli utenti. In questa categoria di dati rientrano gli indirizzi IP o i nomi a dominio dei computer utilizzati dagli utenti che si connettono al sito, gli indirizzi in notazione URI (Uniform Resource Identifier) delle risorse richieste, l\u2019orario della richiesta, il metodo utilizzato nel sottoporre la richiesta al server, la dimensione del file ottenuto in risposta, il codice numerico indicante lo stato della risposta data dal server (buon fine, errore, ecc.) ed altri parametri relativi al sistema operativo e all\u2019ambiente informatico dell\u2019utente.<br \/>\nQuesti dati vengono utilizzati al solo fine di ricavare informazioni statistiche anonime sull\u2019uso del sito e per controllarne il corretto funzionamento e vengono mantenuti su server sicuri, prottetti da dispositivi di sicurezza anti-intrusione. I dati potrebbero essere utilizzati per l\u2019accertamento di responsabilit\u00e0 in caso di ipotetici reati informatici ai danni del sito: salva questa eventualit\u00e0, allo stato i dati sui contatti web non persistono per pi\u00f9 5 anni.<br \/>\nDati forniti volontariamente dall\u2019utente<br \/>\nCon l\u2019utilizzo dei dati di contatto di Rubinetterie Ritmonio Srl indicati nel Sito, potrebbero essere inviate dall\u2019utente email per richiedere informazioni, preventivi o altre richieste. L\u2019invio facoltativo, esplicito e volontario di posta elettronica agli indirizzi indicati su questo sito comporta la successiva acquisizione dell\u2019indirizzo del mittente, necessario per rispondere alle richieste, nonch\u00e9 degli eventuali altri dati personali inseriti nella missiva. La sola finalit\u00e0 del trattamento sar\u00e0 quella di esaudire le richieste dell\u2019utente e avviare se richiesto una fase precontrattuale o contrattuale. Specifiche informative di sintesi verranno progressivamente riportate o visualizzate nelle pagine del sito predisposte per particolari servizi a richiesta.<\/p>\n<h2>Dati raccolti con il form \u201cContatti\u201d<\/h2>\n<p>Saranno raccolti tramite la pagina \u201cContatti\u201d di questo Sito e saranno conseguentemente oggetto di trattamento solo ulteriori dati personali anagrafici, di contatto e professionali (cognome, nome, email, azienda di appartenenza, etc.). Questi dati saranno oggetto di trattamento finalizzato esclusivamente alla gestione della richiesta effettuata dall\u2019utente (informazioni, preventivi, anagrafica rivenditori, ecc)<\/p>\n<h2>Modalit\u00e0 del Trattamento<\/h2>\n<p>I dati personali saranno trattati con gli strumenti e le modalit\u00e0 ritenuti idonei a proteggerne la sicurezza e la riservatezza. Il loro trattamento sar\u00e0 effettuato sia manualmente sia attraverso l\u2019ausilio di strumenti elettronici o comunque automatizzati, per i quali sono adottate specifiche misure di protezione, sia fisica che informatica. I dati suddetti saranno trattati da personale interno specificatamente autorizzato e formato e potranno essere comunicati a societ\u00e0 di fiducia incaricate della gestione del Sito per attivit\u00e0 di manutenzione. Il trattamento avverr\u00e0 nel rispetto della normativa in materia di tutela del trattamento dei dati personali e degli obblighi e delle garanzie di legge, contrattuali e regolamentari e sar\u00e0 improntato a principi di liceit\u00e0, correttezza e trasparenza, limitazione della finalit\u00e0 minimizzazione dei dati, esattezza, limitazione della conservazione, integrit\u00e0 e riservatezza e responsabilizzazione.<\/p>\n<h2>Durata del Trattamento<\/h2>\n<p>I dati personali saranno trattati per il tempo necessario allo svolgimento del servizio richiesto dall\u2019utente o dalle finalit\u00e0 descritte in questo documento, ferma restando la possibilit\u00e0 per l\u2019utente di chiedere in ogni momento l\u2019interruzione del trattamento o la cancellazione dei dati<\/p>\n<h2>Natura del Trattamento<\/h2>\n<p>Sul presente sito non \u00e8 necessario fornire dati personali finch\u00e9 esso viene utilizzato solo a scopo di consultazione delle aree non riservate all\u2019accesso con credenziali di autenticazione.<br \/>\nIl conferimento dei dati per inviare una richiesta alla scrivente tramite il form alla sezione \u201cContatti\u201d \u00e8 facoltativo, \u00e8 chiaro che il rifiuto a fornire i dati richiesti determiner\u00e0 l\u2019impossibilit\u00e0 per Rubinetterie Rtmonio Srl di dare riscontro alla richiesta.<br \/>\nAll\u2019interno del sito, non vengono utilizzati cookies con finalit\u00e0 di profilazione del visitatore, ma solo cookies di natura tecnica, al fine di rendere pi\u00f9 veloce la navigazione o per stabilire quali sezioni di tale sito internet ottengono il maggior numero di visite. Per la policy relativa all\u2019utilizzo dei cookies si rimanda alla sezione \u201cCookies Policy\u201d del presente Sito.<\/p>\n<h2>Esercizio dei diritti degli utenti<\/h2>\n<p>I soggetti cui si riferiscono i dati personali hanno il diritto in qualunque momento di ottenere la conferma dell&#8217;esistenza o meno degli stessi presso il Titolare del trattamento, di conoscerne il contenuto e l&#8217;origine, di verificarne l&#8217;esattezza o, nei casi previsti dalla legge, di chiederne l\u2019integrazione, la cancellazione, l&#8217;aggiornamento, la rettifica, la trasformazione in forma anonima o il blocco (ove trattati in violazione di legge), nonch\u00e9 di opporsi in ogni caso, per motivi legittimi, al loro trattamento.<\/p>\n<h2>Trasferimento dei dati<\/h2>\n<p>I dati personali raccolti e trattati tramite iscrizione e\/o accesso al sito sono residenti su server localizzati in Italia e comunque all&#8217;interno dell&#8217;Unione Europea. I dati oggetto della presente informativa non saranno trasferiti verso Paesi Terzi. <\/p>\n<h2>Modifiche alla presente Informativa<\/h2>\n<p>Il Titolare si riserva il diritto di aggiornare la presente Informativa per adeguarla all\u2019evoluzione normativa o per altre ragioni tecniche, senza preavviso. Si raccomanda di consultare questa pagina periodicamente. Gli utenti delle aziende associate, primari destinatari dei contenuti di questo Sito, potrebbero essere avvisati via email di eventuali modifiche alla presente informativa qualora avessero un impatto significativo sulla privacy.<\/p>\n<h2>Titolare del Trattamento<\/h2>\n<p>Il Titolare del trattamento dei dati \u00e8 Rubinetterie Ritmonio Srl, con sede in Varallo, via Indren, 4 &#8211; Zona Ind. Roccapietra,  nella persona del legale rappresentante.<br \/>\n<\/p>","protected":false},"excerpt":{"rendered":"<p>Termini e condizioni d\u2019uso Il presente sito \u00e8 regolato dai termini e dalle condizioni specificati di seguito. Detti termini e condizioni sono vincolanti per l\u2019utente, il quale \u00e8 tenuto a leggerli con la massima attenzione. Se non si intende accettarli, uscire dal sito. Visitando il presente Sito, l\u2019utente accetta in modo incondizionato i seguenti termini [&hellip;]<\/p>\n","protected":false},"author":1,"featured_media":0,"parent":0,"menu_order":18,"comment_status":"closed","ping_status":"closed","template":"","meta":[],"acf":[],"_links":{"self":[{"href":"https:\/\/www.ritmonio.it\/it\/wp-json\/wp\/v2\/pages\/668"}],"collection":[{"href":"https:\/\/www.ritmonio.it\/it\/wp-json\/wp\/v2\/pages"}],"about":[{"href":"https:\/\/www.ritmonio.it\/it\/wp-json\/wp\/v2\/types\/page"}],"author":[{"embeddable":true,"href":"https:\/\/www.ritmonio.it\/it\/wp-json\/wp\/v2\/users\/1"}],"replies":[{"embeddable":true,"href":"https:\/\/www.ritmonio.it\/it\/wp-json\/wp\/v2\/comments?post=668"}],"version-history":[{"count":10,"href":"https:\/\/www.ritmonio.it\/it\/wp-json\/wp\/v2\/pages\/668\/revisions"}],"predecessor-version":[{"id":5297,"href":"https:\/\/www.ritmonio.it\/it\/wp-json\/wp\/v2\/pages\/668\/revisions\/5297"}],"wp:attachment":[{"href":"https:\/\/www.ritmonio.it\/it\/wp-json\/wp\/v2\/media?parent=668"}],"curies":[{"name":"wp","href":"https:\/\/api.w.org\/{rel}","templated":true}]}}